{"id":1763,"date":"2024-11-14T21:10:09","date_gmt":"2024-11-14T21:10:09","guid":{"rendered":"https:\/\/teachwell.dk\/?page_id=1763"},"modified":"2024-11-20T19:38:29","modified_gmt":"2024-11-20T19:38:29","slug":"oplaeg-om-portfolio","status":"publish","type":"page","link":"https:\/\/teachwell.dk\/?page_id=1763","title":{"rendered":"Opl\u00e6g om portfolio"},"content":{"rendered":"\t\t<div data-elementor-type=\"wp-page\" data-elementor-id=\"1763\" class=\"elementor elementor-1763\" data-elementor-post-type=\"page\">\n\t\t\t\t<div class=\"elementor-element elementor-element-09ac36b e-flex e-con-boxed e-con e-parent\" data-id=\"09ac36b\" data-element_type=\"container\">\n\t\t\t\t\t<div class=\"e-con-inner\">\n\t\t\t\t<div class=\"elementor-element elementor-element-373e935 elementor-widget elementor-widget-image\" data-id=\"373e935\" data-element_type=\"widget\" data-widget_type=\"image.default\">\n\t\t\t\t<div class=\"elementor-widget-container\">\n\t\t\t\t\t\t\t\t\t\t\t\t\t<img fetchpriority=\"high\" decoding=\"async\" width=\"768\" height=\"614\" src=\"https:\/\/teachwell.dk\/wp-content\/uploads\/2024\/11\/Portfolio-768x614.webp\" class=\"attachment-medium_large size-medium_large wp-image-1765\" alt=\"\" srcset=\"https:\/\/teachwell.dk\/wp-content\/uploads\/2024\/11\/Portfolio-768x614.webp 768w, https:\/\/teachwell.dk\/wp-content\/uploads\/2024\/11\/Portfolio-300x240.webp 300w, https:\/\/teachwell.dk\/wp-content\/uploads\/2024\/11\/Portfolio-1024x819.webp 1024w, https:\/\/teachwell.dk\/wp-content\/uploads\/2024\/11\/Portfolio-1536x1229.webp 1536w, https:\/\/teachwell.dk\/wp-content\/uploads\/2024\/11\/Portfolio-600x480.webp 600w, https:\/\/teachwell.dk\/wp-content\/uploads\/2024\/11\/Portfolio.webp 1920w\" sizes=\"(max-width: 768px) 100vw, 768px\" \/>\t\t\t\t\t\t\t\t\t\t\t\t\t<\/div>\n\t\t\t\t<\/div>\n\t\t\t\t\t<\/div>\n\t\t\t\t<\/div>\n\t\t<div class=\"elementor-element elementor-element-5de3ebe e-flex e-con-boxed e-con e-parent\" data-id=\"5de3ebe\" data-element_type=\"container\">\n\t\t\t\t\t<div class=\"e-con-inner\">\n\t\t\t\t<div class=\"elementor-element elementor-element-5c5a7e7 elementor-widget elementor-widget-text-editor\" data-id=\"5c5a7e7\" data-element_type=\"widget\" data-widget_type=\"text-editor.default\">\n\t\t\t\t<div class=\"elementor-widget-container\">\n\t\t\t\t\t\t\t<p>Portfoliop\u00e6dagogikken er en vigtig del af eksempelvis FGU, men portfolioer kan ogs\u00e5 bruges i grundskolen samt p\u00e5 ungdomsuddannelserne. En portfolio er egentligt bare en samling af produkter, som eleverne har lavet i l\u00f8bet af deres skoletid. Den kommer blandt andet til at v\u00e6re en vigtig del af deres eksamensforberedelse, s\u00e5 det giver enormt god mening, at man som underviser fokuserer p\u00e5 portfolioer generelt. I opl\u00e6gget vil fokus v\u00e6re p\u00e5:<\/p>\n<p>1: Indhold i portfolioen. Hvad giver mening at putte i den? Hvad skal udelades?<\/p>\n<p>2: Hvordan giver man feedback p\u00e5 portfolioindholdet?<\/p>\n<p>3: Evaluering &#8211; formativ og summativ evaluering af indhold.<\/p>\n<p>4: Hvad kan eleverne og underviserne bruge portfolioen til?<\/p>\n<p>5: \u00d8velser og brainstorm.<\/p>\n<p><strong>Pris: 6995 + moms + k\u00f8rsel (prisen inkluderer m\u00e5lrettet forberedelse og materialer)<\/strong><\/p>\n<p><\/p>\t\t\t\t\t\t<\/div>\n\t\t\t\t<\/div>\n\t\t\t\t\t<\/div>\n\t\t\t\t<\/div>\n\t\t\t\t<\/div>\n\t\t","protected":false},"excerpt":{"rendered":"<p>Portfoliop\u00e6dagogikken er en vigtig del af eksempelvis FGU, men portfolioer kan ogs\u00e5 bruges i grundskolen samt p\u00e5 ungdomsuddannelserne. En portfolio er egentligt bare en samling af produkter, som eleverne har lavet i l\u00f8bet af deres skoletid. Den kommer blandt andet til at v\u00e6re en vigtig del af deres eksamensforberedelse, s\u00e5 det giver enormt god mening, [&hellip;]<\/p>\n","protected":false},"author":1,"featured_media":0,"parent":0,"menu_order":0,"comment_status":"closed","ping_status":"closed","template":"","meta":{"footnotes":""},"class_list":["post-1763","page","type-page","status-publish","hentry"],"blocksy_meta":[],"_links":{"self":[{"href":"https:\/\/teachwell.dk\/index.php?rest_route=\/wp\/v2\/pages\/1763","targetHints":{"allow":["GET"]}}],"collection":[{"href":"https:\/\/teachwell.dk\/index.php?rest_route=\/wp\/v2\/pages"}],"about":[{"href":"https:\/\/teachwell.dk\/index.php?rest_route=\/wp\/v2\/types\/page"}],"author":[{"embeddable":true,"href":"https:\/\/teachwell.dk\/index.php?rest_route=\/wp\/v2\/users\/1"}],"replies":[{"embeddable":true,"href":"https:\/\/teachwell.dk\/index.php?rest_route=%2Fwp%2Fv2%2Fcomments&post=1763"}],"version-history":[{"count":7,"href":"https:\/\/teachwell.dk\/index.php?rest_route=\/wp\/v2\/pages\/1763\/revisions"}],"predecessor-version":[{"id":1850,"href":"https:\/\/teachwell.dk\/index.php?rest_route=\/wp\/v2\/pages\/1763\/revisions\/1850"}],"wp:attachment":[{"href":"https:\/\/teachwell.dk\/index.php?rest_route=%2Fwp%2Fv2%2Fmedia&parent=1763"}],"curies":[{"name":"wp","href":"https:\/\/api.w.org\/{rel}","templated":true}]}}