{"id":1507,"date":"2024-10-31T11:02:40","date_gmt":"2024-10-31T11:02:40","guid":{"rendered":"https:\/\/teachwell.dk\/?page_id=1507"},"modified":"2024-11-14T18:56:28","modified_gmt":"2024-11-14T18:56:28","slug":"elementor-page-1507","status":"publish","type":"page","link":"https:\/\/teachwell.dk\/?page_id=1507","title":{"rendered":"Kursusdag om praksisorienteret undervisning"},"content":{"rendered":"\t\t<div data-elementor-type=\"wp-page\" data-elementor-id=\"1507\" class=\"elementor elementor-1507\" data-elementor-post-type=\"page\">\n\t\t\t\t<div class=\"elementor-element elementor-element-d63f07b e-flex e-con-boxed e-con e-parent\" data-id=\"d63f07b\" data-element_type=\"container\">\n\t\t\t\t\t<div class=\"e-con-inner\">\n\t\t\t\t<div class=\"elementor-element elementor-element-71bf9a6 elementor-widget elementor-widget-text-editor\" data-id=\"71bf9a6\" data-element_type=\"widget\" data-widget_type=\"text-editor.default\">\n\t\t\t\t<div class=\"elementor-widget-container\">\n\t\t\t\t\t\t\t<p>Vi g\u00e5r i dybden med teorien omkring praksisorienteret undervisning og f\u00e5r fingrene i modeller, s\u00e5 vi sammen kan udvikle p\u00e5 praksis.<\/p>\n<p><strong>P\u00e5 kurset vil vi blandt andet fokusere p\u00e5:<\/strong><\/p>\n<p>&#8211; Teorier og modeller<\/p>\n<p>&#8211; Motivation og sammenh\u00e6ng<\/p>\n<p>&#8211; Fra teori til praksis<\/p>\n<p>&#8211; \u00d8velser<\/p>\n<p>&#8211; Id\u00e9er og processer<\/p>\n<p>&#8211; Elevperspektiver<\/p>\n<p><strong>Pris: 9995 kr. + k\u00f8rsel + moms (prisen inkluderer forberedelse, materialer og m\u00e5lrettet indhold)<\/strong><\/p>\t\t\t\t\t\t<\/div>\n\t\t\t\t<\/div>\n\t\t\t\t\t<\/div>\n\t\t\t\t<\/div>\n\t\t<div class=\"elementor-element elementor-element-zM3ZbAR e-flex e-con-boxed e-con e-parent\" data-id=\"zM3ZbAR\" data-element_type=\"container\">\n\t\t\t\t\t<div class=\"e-con-inner\">\n\t\t\t\t<div class=\"elementor-element elementor-element-NVykJIx elementor-widget elementor-widget-heading\" data-id=\"NVykJIx\" data-element_type=\"widget\" data-widget_type=\"heading.default\">\n\t\t\t\t<div class=\"elementor-widget-container\">\n\t\t\t<h2 class=\"elementor-heading-title elementor-size-default\">Hvorfor v\u00e6lge dette kursus?<\/h2>\t\t<\/div>\n\t\t\t\t<\/div>\n\t\t<div class=\"elementor-element elementor-element-xHkdVXN e-con-full e-flex e-con e-child\" data-id=\"xHkdVXN\" data-element_type=\"container\">\n\t\t\t\t<div class=\"elementor-element elementor-element-HIy5SI8 elementor-flip-box--effect-zoom-in elementor-widget elementor-widget-flip-box\" data-id=\"HIy5SI8\" data-element_type=\"widget\" data-widget_type=\"flip-box.default\">\n\t\t\t\t<div class=\"elementor-widget-container\">\n\t\t\t\t\t<div class=\"elementor-flip-box\" tabindex=\"0\">\n\t\t\t<div class=\"elementor-flip-box__layer elementor-flip-box__front\">\n\t\t\t\t<div class=\"elementor-flip-box__layer__overlay\">\n\t\t\t\t\t<div class=\"elementor-flip-box__layer__inner\">\n\t\t\t\t\t\t\n\t\t\t\t\t\t\t\t\t\t\t\t\t<h3 class=\"elementor-flip-box__layer__title\">\n\t\t\t\t\t\t\t\tMotivation og sammenh\u00e6ng\t\t\t\t\t\t\t<\/h3>\n\t\t\t\t\t\t\n\t\t\t\t\t\t\t\t\t\t\t\t\t<div class=\"elementor-flip-box__layer__description\">\n\t\t\t\t\t\t\t\tEleverne motiveres af undervisning, der er varieret og differentieret, hvilket praksisundervisning i den grad er. Praksisundervisning er med til at skabe sammenh\u00e6ng og en dybere forst\u00e5else for eleven, n\u00e5r det kommer til l\u00e6ring.\t\t\t\t\t\t\t<\/div>\n\t\t\t\t\t\t\t\t\t\t\t<\/div>\n\t\t\t\t<\/div>\n\t\t\t<\/div>\n\t\t\t<div class=\"elementor-flip-box__layer elementor-flip-box__back\">\n\t\t\t<div class=\"elementor-flip-box__layer__overlay\">\n\t\t\t\t<div class=\"elementor-flip-box__layer__inner\">\n\t\t\t\t\t\t\t\t\t\t\t<h3 class=\"elementor-flip-box__layer__title\">\n\t\t\t\t\t\t\tPraktiske f\u00e6rdigheder \t\t\t\t\t\t<\/h3>\n\t\t\t\t\t\n\t\t\t\t\t\t\t\t\t\t\t<div class=\"elementor-flip-box__layer__description\">\n\t\t\t\t\t\t\tTransformer dine undervisningsmetoder og didaktikker med dette kursus, som b\u00e5de vil komme dig og dine elever til gode. Du vil f\u00e5 id\u00e9er til, hvordan du kan g\u00f8re din undervisning mere virkelighedsn\u00e6r for eleverne.\t\t\t\t\t\t<\/div>\n\t\t\t\t\t\n\t\t\t\t\t\t\t\t<\/div>\n\t\t<\/div>\n\t\t<\/div>\n\t\t<\/div>\n\t\t\t\t<\/div>\n\t\t\t\t<\/div>\n\t\t\t\t<div class=\"elementor-element elementor-element-3VkYTxm elementor-flip-box--effect-zoom-in elementor-widget-mobile__width-initial elementor-widget elementor-widget-flip-box\" data-id=\"3VkYTxm\" data-element_type=\"widget\" data-widget_type=\"flip-box.default\">\n\t\t\t\t<div class=\"elementor-widget-container\">\n\t\t\t\t\t<div class=\"elementor-flip-box\" tabindex=\"0\">\n\t\t\t<div class=\"elementor-flip-box__layer elementor-flip-box__front\">\n\t\t\t\t<div class=\"elementor-flip-box__layer__overlay\">\n\t\t\t\t\t<div class=\"elementor-flip-box__layer__inner\">\n\t\t\t\t\t\t\n\t\t\t\t\t\t\t\t\t\t\t\t\t<h3 class=\"elementor-flip-box__layer__title\">\n\t\t\t\t\t\t\t\tF\u00e6llesskab og l\u00e6ring\t\t\t\t\t\t\t<\/h3>\n\t\t\t\t\t\t\n\t\t\t\t\t\t\t\t\t\t\t\t\t<div class=\"elementor-flip-box__layer__description\">\n\t\t\t\t\t\t\t\tEleverne vil i praksisorienteret undervisning indg\u00e5 i andre l\u00e6ringsf\u00e6llesskaber end de plejer, og derved vil de f\u00e5 et bredere udsyn til verden omkring dem. De vil opn\u00e5 kompetencer i demokratisk og almen dannelse.\t\t\t\t\t\t\t<\/div>\n\t\t\t\t\t\t\t\t\t\t\t<\/div>\n\t\t\t\t<\/div>\n\t\t\t<\/div>\n\t\t\t<div class=\"elementor-flip-box__layer elementor-flip-box__back\">\n\t\t\t<div class=\"elementor-flip-box__layer__overlay\">\n\t\t\t\t<div class=\"elementor-flip-box__layer__inner\">\n\t\t\t\t\t\t\t\t\t\t\t<h3 class=\"elementor-flip-box__layer__title\">\n\t\t\t\t\t\t\tProcesser og produkter\t\t\t\t\t\t<\/h3>\n\t\t\t\t\t\n\t\t\t\t\t\t\t\t\t\t\t<div class=\"elementor-flip-box__layer__description\">\n\t\t\t\t\t\t\tDen praksisbaserede undervisning har b\u00e5de fokus p\u00e5 l\u00e6ringsprocessen og produkterne, hvilket giver en r\u00f8d tr\u00e5d for b\u00e5de eleverne og underviserne.\t\t\t\t\t\t<\/div>\n\t\t\t\t\t\n\t\t\t\t\t\t\t\t<\/div>\n\t\t<\/div>\n\t\t<\/div>\n\t\t<\/div>\n\t\t\t\t<\/div>\n\t\t\t\t<\/div>\n\t\t\t\t<div class=\"elementor-element elementor-element-tTO5dRa elementor-flip-box--effect-zoom-in elementor-widget elementor-widget-flip-box\" data-id=\"tTO5dRa\" data-element_type=\"widget\" data-widget_type=\"flip-box.default\">\n\t\t\t\t<div class=\"elementor-widget-container\">\n\t\t\t\t\t<div class=\"elementor-flip-box\" tabindex=\"0\">\n\t\t\t<div class=\"elementor-flip-box__layer elementor-flip-box__front\">\n\t\t\t\t<div class=\"elementor-flip-box__layer__overlay\">\n\t\t\t\t\t<div class=\"elementor-flip-box__layer__inner\">\n\t\t\t\t\t\t\n\t\t\t\t\t\t\t\t\t\t\t\t\t<h3 class=\"elementor-flip-box__layer__title\">\n\t\t\t\t\t\t\t\tModeller og evaluering\t\t\t\t\t\t\t<\/h3>\n\t\t\t\t\t\t\n\t\t\t\t\t\t\t\t\t\t\t\t\t<div class=\"elementor-flip-box__layer__description\">\n\t\t\t\t\t\t\t\tP\u00e5 kurset f\u00e5r du b\u00e5de redskaber til planl\u00e6gningen og evalueringen af undervisningen. \t\t\t\t\t\t\t<\/div>\n\t\t\t\t\t\t\t\t\t\t\t<\/div>\n\t\t\t\t<\/div>\n\t\t\t<\/div>\n\t\t\t<div class=\"elementor-flip-box__layer elementor-flip-box__back\">\n\t\t\t<div class=\"elementor-flip-box__layer__overlay\">\n\t\t\t\t<div class=\"elementor-flip-box__layer__inner\">\n\t\t\t\t\t\t\t\t\t\t\t<h3 class=\"elementor-flip-box__layer__title\">\n\t\t\t\t\t\t\tSamarbejde\t\t\t\t\t\t<\/h3>\n\t\t\t\t\t\n\t\t\t\t\t\t\t\t\t\t\t<div class=\"elementor-flip-box__layer__description\">\n\t\t\t\t\t\t\tPraksisorienteret undervisning spiller godt sammen med helhedsorienteret undervisning. P\u00e5 kurset taler vi om b\u00e5de tv\u00e6rfaglige og helhedsorienterede forl\u00f8b.\t\t\t\t\t\t<\/div>\n\t\t\t\t\t\n\t\t\t\t\t\t\t\t<\/div>\n\t\t<\/div>\n\t\t<\/div>\n\t\t<\/div>\n\t\t\t\t<\/div>\n\t\t\t\t<\/div>\n\t\t\t\t<\/div>\n\t\t\t\t\t<\/div>\n\t\t\t\t<\/div>\n\t\t\t\t<\/div>\n\t\t","protected":false},"excerpt":{"rendered":"<p>Vi g\u00e5r i dybden med teorien omkring praksisorienteret undervisning og f\u00e5r fingrene i modeller, s\u00e5 vi sammen kan udvikle p\u00e5 praksis. P\u00e5 kurset vil vi blandt andet fokusere p\u00e5: &#8211; Teorier og modeller &#8211; Motivation og sammenh\u00e6ng &#8211; Fra teori til praksis &#8211; \u00d8velser &#8211; Id\u00e9er og processer &#8211; Elevperspektiver Pris: 9995 kr. + k\u00f8rsel [&hellip;]<\/p>\n","protected":false},"author":1,"featured_media":0,"parent":0,"menu_order":0,"comment_status":"closed","ping_status":"closed","template":"","meta":{"footnotes":""},"class_list":["post-1507","page","type-page","status-publish","hentry"],"blocksy_meta":[],"_links":{"self":[{"href":"https:\/\/teachwell.dk\/index.php?rest_route=\/wp\/v2\/pages\/1507","targetHints":{"allow":["GET"]}}],"collection":[{"href":"https:\/\/teachwell.dk\/index.php?rest_route=\/wp\/v2\/pages"}],"about":[{"href":"https:\/\/teachwell.dk\/index.php?rest_route=\/wp\/v2\/types\/page"}],"author":[{"embeddable":true,"href":"https:\/\/teachwell.dk\/index.php?rest_route=\/wp\/v2\/users\/1"}],"replies":[{"embeddable":true,"href":"https:\/\/teachwell.dk\/index.php?rest_route=%2Fwp%2Fv2%2Fcomments&post=1507"}],"version-history":[{"count":36,"href":"https:\/\/teachwell.dk\/index.php?rest_route=\/wp\/v2\/pages\/1507\/revisions"}],"predecessor-version":[{"id":1728,"href":"https:\/\/teachwell.dk\/index.php?rest_route=\/wp\/v2\/pages\/1507\/revisions\/1728"}],"wp:attachment":[{"href":"https:\/\/teachwell.dk\/index.php?rest_route=%2Fwp%2Fv2%2Fmedia&parent=1507"}],"curies":[{"name":"wp","href":"https:\/\/api.w.org\/{rel}","templated":true}]}}